{"id":128,"date":"2016-12-12T21:49:55","date_gmt":"2016-12-12T18:49:55","guid":{"rendered":"https:\/\/www.traee.org\/?page_id=128"},"modified":"2025-08-05T17:27:25","modified_gmt":"2025-08-05T14:27:25","slug":"iletisim","status":"publish","type":"page","link":"https:\/\/www.traee.org\/tr\/iletisim\/","title":{"rendered":"\u0130leti\u015fim"},"content":{"rendered":"<p>[et_pb_section bb_built=&#8221;1&#8243; admin_label=&#8221;section&#8221; fullwidth=&#8221;on&#8221; custom_padding_last_edited=&#8221;on|desktop&#8221; _builder_version=&#8221;3.12.1&#8243; border_width_all=&#8221;50px&#8221; border_color_all=&#8221;#ffffff&#8221; max_width_last_edited=&#8221;on|desktop&#8221; module_alignment=&#8221;center&#8221; custom_padding_tablet=&#8221;50px|0|50px|0&#8243; transparent_background=&#8221;off&#8221; padding_mobile=&#8221;off&#8221; disabled_on=&#8221;off|off|off&#8221; next_background_color=&#8221;#000000&#8243;][et_pb_fullwidth_map address=&#8221;B\u00dc G\u00fcney Kamp\u00fcs\u00fc, \u0130stanbul, T\u00fcrkiye&#8221; zoom_level=&#8221;16&#8243; address_lat=&#8221;41.08208344222642&#8243; address_lng=&#8221;29.055884925359486&#8243; _builder_version=&#8221;3.12.1&#8243; saved_tabs=&#8221;all&#8221;][et_pb_map_pin title=&#8221;Merkez&#8221; pin_address=&#8221;B\u00dc G\u00fcney Kamp\u00fcs\u00fc, \u0130stanbul, T\u00fcrkiye&#8221; pin_address_lat=&#8221;41.0828006&#8243; pin_address_lng=&#8221;29.05035959999998&#8243; _builder_version=&#8221;3.0.47&#8243;]<strong>EED<\/strong> | Enerji Ekonomisi Derne\u011fi<\/p>\n<p>Bo\u011fazi\u00e7i \u00dcniversitesi, \u0130stanbul &#8211; T\u00fcrkiye[\/et_pb_map_pin][\/et_pb_fullwidth_map][\/et_pb_section][et_pb_section bb_built=&#8221;1&#8243; admin_label=&#8221;section&#8221; custom_padding_last_edited=&#8221;on|desktop&#8221; _builder_version=&#8221;3.0.74&#8243; custom_padding_tablet=&#8221;50px|0|50px|0&#8243; transparent_background=&#8221;off&#8221; padding_mobile=&#8221;off&#8221; prev_background_color=&#8221;#000000&#8243;][et_pb_row admin_label=&#8221;row&#8221; padding_mobile=&#8221;off&#8221; column_padding_mobile=&#8221;on&#8221; _builder_version=&#8221;3.0.47&#8243; background_size=&#8221;initial&#8221; background_position=&#8221;top_left&#8221; background_repeat=&#8221;repeat&#8221;][et_pb_column type=&#8221;2_3&#8243;][et_pb_contact_form email=&#8221;info@traee.org&#8221; title=&#8221;\u0130leti\u015fime ge\u00e7in&#8221; custom_message=&#8221;Bizimle ileti\u015fime ge\u00e7tiler. En k\u0131sa s\u00fcrede geri d\u00f6n\u00fc\u015fte bulunaca\u011f\u0131m\u0131z\u0131 belirttik. Ad: %%Name%% E-Posta: %%Email%% Mesaj: %%Message%%&#8221; success_message=&#8221;Bizimle ileti\u015fime ge\u00e7ti\u011finiz i\u00e7in te\u015fekk\u00fcr ederiz. En k\u0131sa s\u00fcrede sizinle ileti\u015fime ge\u00e7ece\u011fiz&#8221; module_id=&#8221;et_pb_contact_form_0&#8243; _builder_version=&#8221;3.0.87&#8243; border_radii=&#8221;on|0px|0px|0px|0px&#8221; use_border_color=&#8221;off&#8221; border_color=&#8221;#ffffff&#8221; border_style=&#8221;solid&#8221; input_border_radius=&#8221;0&#8243;][et_pb_contact_field field_id=&#8221;Name&#8221; field_title=&#8221;Ad&#8221; _builder_version=&#8221;3.0.87&#8243; form_field_font=&#8221;||||&#8221; border_radii=&#8221;on||||&#8221; use_border_color=&#8221;off&#8221; border_style=&#8221;solid&#8221;] [\/et_pb_contact_field][et_pb_contact_field field_id=&#8221;Email&#8221; field_title=&#8221;E-mail&#8221; field_type=&#8221;email&#8221; _builder_version=&#8221;3.0.87&#8243; form_field_font=&#8221;||||&#8221; border_radii=&#8221;on||||&#8221; use_border_color=&#8221;off&#8221; border_style=&#8221;solid&#8221;] [\/et_pb_contact_field][et_pb_contact_field field_id=&#8221;Message&#8221; field_title=&#8221;Mesaj&#8221; field_type=&#8221;text&#8221; fullwidth_field=&#8221;on&#8221; _builder_version=&#8221;3.0.87&#8243; form_field_font=&#8221;||||&#8221; border_radii=&#8221;on||||&#8221; use_border_color=&#8221;off&#8221; border_style=&#8221;solid&#8221;] [\/et_pb_contact_field][\/et_pb_contact_form][\/et_pb_column][et_pb_column type=&#8221;1_3&#8243;][et_pb_text _builder_version=&#8221;3.12.1&#8243; background_size=&#8221;initial&#8221; background_position=&#8221;top_left&#8221; background_repeat=&#8221;repeat&#8221; use_border_color=&#8221;off&#8221;]<\/p>\n<h3>\u0130leti\u015fim Bilgileri<\/h3>\n<p>Bize a\u015fa\u011f\u0131daki ileti\u015fim adresinden veya yandaki ileti\u015fim formu arac\u0131l\u0131\u011f\u0131yla ula\u015fabilirsiniz.<u><\/u><u><\/u><\/p>\n<p><b>E-posta:<\/b> info [at] traee.org<\/p>\n<p><b>Tel:<\/b>\u00a0(545) 260 86 34<\/p>\n<p><strong>Adres: <\/strong>Seba Office Boulevard Ayaza\u011fa Mh. Cendere Cd. No:13 C Blok No:42 Sar\u0131yer \/ \u0130STANBUL<\/p>\n<p><strong>\u00c7al\u0131\u015fma saatleri:<\/strong> 9:00-17:00 P-C<\/p>\n<p>[\/et_pb_text][\/et_pb_column][\/et_pb_row][\/et_pb_section]<\/p>","protected":false},"excerpt":{"rendered":"<p>[et_pb_section bb_built=&#8221;1&#8243; admin_label=&#8221;section&#8221; fullwidth=&#8221;on&#8221; custom_padding_last_edited=&#8221;on|desktop&#8221; _builder_version=&#8221;3.12.1&#8243; border_width_all=&#8221;50px&#8221; border_color_all=&#8221;#ffffff&#8221; max_width_last_edited=&#8221;on|desktop&#8221; module_alignment=&#8221;center&#8221; custom_padding_tablet=&#8221;50px|0|50px|0&#8243; transparent_background=&#8221;off&#8221; padding_mobile=&#8221;off&#8221; disabled_on=&#8221;off|off|off&#8221; next_background_color=&#8221;#000000&#8243;][et_pb_fullwidth_map address=&#8221;B\u00dc G\u00fcney Kamp\u00fcs\u00fc, \u0130stanbul, T\u00fcrkiye&#8221; zoom_level=&#8221;16&#8243; address_lat=&#8221;41.08208344222642&#8243; address_lng=&#8221;29.055884925359486&#8243; _builder_version=&#8221;3.12.1&#8243; saved_tabs=&#8221;all&#8221;][et_pb_map_pin title=&#8221;Merkez&#8221; pin_address=&#8221;B\u00dc G\u00fcney Kamp\u00fcs\u00fc, \u0130stanbul, T\u00fcrkiye&#8221; pin_address_lat=&#8221;41.0828006&#8243; pin_address_lng=&#8221;29.05035959999998&#8243; _builder_version=&#8221;3.0.47&#8243;]EED | Enerji Ekonomisi Derne\u011fi Bo\u011fazi\u00e7i \u00dcniversitesi, \u0130stanbul &#8211; T\u00fcrkiye[\/et_pb_map_pin][\/et_pb_fullwidth_map][\/et_pb_section][et_pb_section bb_built=&#8221;1&#8243; admin_label=&#8221;section&#8221; custom_padding_last_edited=&#8221;on|desktop&#8221; _builder_version=&#8221;3.0.74&#8243; custom_padding_tablet=&#8221;50px|0|50px|0&#8243; transparent_background=&#8221;off&#8221; padding_mobile=&#8221;off&#8221; prev_background_color=&#8221;#000000&#8243;][et_pb_row admin_label=&#8221;row&#8221; padding_mobile=&#8221;off&#8221; column_padding_mobile=&#8221;on&#8221; _builder_version=&#8221;3.0.47&#8243; [&hellip;]<\/p>\n","protected":false},"author":1,"featured_media":0,"parent":0,"menu_order":0,"comment_status":"closed","ping_status":"closed","template":"","meta":{"footnotes":""},"class_list":["post-128","page","type-page","status-publish","hentry"],"_links":{"self":[{"href":"https:\/\/www.traee.org\/tr\/wp-json\/wp\/v2\/pages\/128","targetHints":{"allow":["GET"]}}],"collection":[{"href":"https:\/\/www.traee.org\/tr\/wp-json\/wp\/v2\/pages"}],"about":[{"href":"https:\/\/www.traee.org\/tr\/wp-json\/wp\/v2\/types\/page"}],"author":[{"embeddable":true,"href":"https:\/\/www.traee.org\/tr\/wp-json\/wp\/v2\/users\/1"}],"replies":[{"embeddable":true,"href":"https:\/\/www.traee.org\/tr\/wp-json\/wp\/v2\/comments?post=128"}],"version-history":[{"count":10,"href":"https:\/\/www.traee.org\/tr\/wp-json\/wp\/v2\/pages\/128\/revisions"}],"predecessor-version":[{"id":1590,"href":"https:\/\/www.traee.org\/tr\/wp-json\/wp\/v2\/pages\/128\/revisions\/1590"}],"wp:attachment":[{"href":"https:\/\/www.traee.org\/tr\/wp-json\/wp\/v2\/media?parent=128"}],"curies":[{"name":"wp","href":"https:\/\/api.w.org\/{rel}","templated":true}]}}