{"id":76,"date":"2016-12-11T18:55:47","date_gmt":"2016-12-11T15:55:47","guid":{"rendered":"https:\/\/www.traee.org\/?page_id=76"},"modified":"2026-03-30T14:17:56","modified_gmt":"2026-03-30T11:17:56","slug":"main-page","status":"publish","type":"page","link":"https:\/\/www.traee.org\/tr\/","title":{"rendered":"Main Page"},"content":{"rendered":"<p>[et_pb_section fb_built=&#8221;1&#8243; _builder_version=&#8221;3.12.1&#8243; custom_padding=&#8221;0|0px|0|0px|false|false&#8221;][et_pb_row custom_padding=&#8221;18px|0px|19px|0px|false|false&#8221; custom_margin=&#8221;30px||30px|&#8221; _builder_version=&#8221;3.12.1&#8243; background_size=&#8221;initial&#8221; background_position=&#8221;top_left&#8221; background_repeat=&#8221;repeat&#8221;][et_pb_column type=&#8221;1_2&#8243; _builder_version=&#8221;3.0.47&#8243; parallax=&#8221;off&#8221; parallax_method=&#8221;on&#8221;][et_pb_slider _builder_version=&#8221;3.12.1&#8243;][et_pb_slide heading=&#8221;Enerji Ekonomisi Derne\u011fi&#8221; button_text=&#8221;Derne\u011fimiz&#8221; button_link=&#8221;https:\/\/www.traee.org\/hakkimizda\/&#8221; use_bg_overlay=&#8221;off&#8221; use_text_overlay=&#8221;off&#8221; _builder_version=&#8221;3.12.1&#8243; background_image=&#8221;https:\/\/www.traee.org\/wp-content\/uploads\/2016\/12\/8683649822_b63ab0bd2b_k.jpg&#8221; button_on_hover=&#8221;on&#8221;]<\/p>\n<div class=\"et_pb_slide_content\">\n<p>Enerji Ekonomisi Derne\u011fi (EED), T\u00fcrkiye\u2019nin farkl\u0131 \u00fcniversitelerinden enerji ekonomisi konular\u0131ndaki \u00e7al\u0131\u015fmalar\u0131yla \u00f6ne \u00e7\u0131kan akademisyenlerin \u00f6nderli\u011finde\u00a0kurulmu\u015ftur.<\/p>\n<\/div>\n<p>[\/et_pb_slide][et_pb_slide heading=&#8221;Enerji Ekonomisi Derne\u011fi&#8221; button_text=&#8221;Derne\u011fimiz&#8221; button_link=&#8221;https:\/\/www.traee.org\/hakkimizda\/&#8221; use_bg_overlay=&#8221;off&#8221; use_text_overlay=&#8221;off&#8221; _builder_version=&#8221;3.12.1&#8243; background_image=&#8221;https:\/\/www.traee.org\/wp-content\/uploads\/2016\/12\/BU-Panorama1-1.jpg&#8221;]<\/p>\n<div class=\"et_pb_slide_content\">\n<p>Uluslararas\u0131 boyutta faaliyette bulunan EED, T\u00fcrk enerji sekt\u00f6r\u00fcn\u00fc d\u00fcnya ile kucakla\u015ft\u0131rmay\u0131 ama\u00e7lamaktad\u0131r.<\/p>\n<\/div>\n<p>[\/et_pb_slide][\/et_pb_slider][\/et_pb_column][et_pb_column type=&#8221;1_2&#8243; _builder_version=&#8221;3.0.47&#8243; parallax=&#8221;off&#8221; parallax_method=&#8221;on&#8221;][et_pb_text _builder_version=&#8221;3.12.1&#8243;]<\/p>\n<p class=\"font_8 wixui-rich-text__text\"><span class=\"wixui-rich-text__text\">IAEE COP Symposium &amp; 5th Eurasian Energy &amp; Sustainability<\/span><span class=\"wixui-rich-text__text\"> <\/span><span class=\"wixui-rich-text__text\">Conference<\/span><\/p>\n<p class=\"font_8 wixui-rich-text__text\"><span class=\"wixui-rich-text__text\">\u00a0 \u00a0 \u00a0 \u00a0 \u00a0 \u00a0 \u00a0 \u00a0 \u00a0 \u00a0 \u00a0 \u00a0 \u00a0 \u00a0 \u00a0 \u00a011-14 November 2026, Antalya , T\u00fcrkiye<\/span><\/p>\n<p class=\"font_8 wixui-rich-text__text\"><span class=\"wixui-rich-text__text\">\u200b&#8221;Impact of Turbulent Times on Energy Economics and Climate Change&#8221;<\/span><\/p>\n<p>[\/et_pb_text][et_pb_cta button_url=&#8221;https:\/\/www.iaee2026.org.tr\/&#8221; url_new_window=&#8221;on&#8221; button_text=&#8221;Info&#8221; admin_label=&#8221;IAEE COP&#8221; _builder_version=&#8221;3.12.1&#8243; header_font=&#8221;||on||||||&#8221; header_text_align=&#8221;left&#8221; header_text_shadow_style=&#8221;preset1&#8243; body_text_align=&#8221;left&#8221; body_text_color=&#8221;#ffffff&#8221; use_background_color_gradient=&#8221;on&#8221; background_color_gradient_start=&#8221;#ffffff&#8221; background_color_gradient_end=&#8221;#ffffff&#8221; background_color_gradient_direction=&#8221;163deg&#8221; background_color_gradient_overlays_image=&#8221;on&#8221; background_position=&#8221;center_left&#8221; custom_button=&#8221;on&#8221; button_text_size=&#8221;14&#8243; button_text_color=&#8221;#000000&#8243; button_bg_color=&#8221;#eaeaea&#8221; button_border_width=&#8221;0&#8243; button_letter_spacing_hover_tablet=&#8221;50&#8243; custom_margin=&#8221;||5px|&#8221; filter_brightness=&#8221;130%&#8221; text_shadow_style=&#8221;preset1&#8243;]<a href=\"https:\/\/www.iaee2026.org.tr\/\/\"><img loading=\"lazy\" decoding=\"async\" src=\"https:\/\/www.traee.org\/wp-content\/uploads\/2026\/03\/IAEECOPLOGO.avif\" width=\"386\" height=\"215\" alt=\"\" class=\"wp-image-1621 alignnone size-full\" srcset=\"https:\/\/www.traee.org\/wp-content\/uploads\/2026\/03\/IAEECOPLOGO.avif 334w, https:\/\/www.traee.org\/wp-content\/uploads\/2026\/03\/IAEECOPLOGO-300x167.jpg 300w\" sizes=\"auto, (max-width: 386px) 100vw, 386px\" \/><\/a>[\/et_pb_cta][\/et_pb_column][\/et_pb_row][\/et_pb_section][et_pb_section fb_built=&#8221;1&#8243; custom_padding_last_edited=&#8221;on|desktop&#8221; admin_label=&#8221;section&#8221; _builder_version=&#8221;3.12.1&#8243; background_color=&#8221;#eeeeee&#8221; custom_padding=&#8221;11px|0px|11px|0px|true|false&#8221; custom_padding_tablet=&#8221;50px|0|50px|0&#8243; transparent_background=&#8221;off&#8221; global_module=&#8221;271&#8243;][et_pb_row custom_padding=&#8221;0|0px|0|0px|false|false&#8221; column_padding_mobile=&#8221;on&#8221; admin_label=&#8221;row&#8221; _builder_version=&#8221;3.12.1&#8243; background_size=&#8221;initial&#8221; background_position=&#8221;top_left&#8221; background_repeat=&#8221;repeat&#8221;][et_pb_column type=&#8221;1_4&#8243; _builder_version=&#8221;3.0.47&#8243; column_padding_mobile=&#8221;on&#8221; parallax=&#8221;off&#8221; parallax_method=&#8221;on&#8221;][et_pb_image src=&#8221;https:\/\/www.traee.org\/wp-content\/uploads\/2024\/03\/ace-logojpg.jpeg&#8221; url=&#8221;https:\/\/acedanismanlik.com.tr\/&#8221; url_new_window=&#8221;on&#8221; admin_label=&#8221;ACE&#8221; _builder_version=&#8221;3.12.1&#8243; animation_style=&#8221;slide&#8221; animation_direction=&#8221;top&#8221; animation_duration=&#8221;500ms&#8221; animation_intensity_slide=&#8221;10%&#8221; use_border_color=&#8221;off&#8221; border_color=&#8221;#ffffff&#8221; border_style=&#8221;solid&#8221; animation=&#8221;top&#8221; sticky=&#8221;off&#8221;]<\/p>\n<p>\u00a0<\/p>\n<p>[\/et_pb_image][\/et_pb_column][et_pb_column type=&#8221;1_4&#8243; _builder_version=&#8221;3.0.47&#8243; column_padding_mobile=&#8221;on&#8221; parallax=&#8221;off&#8221; parallax_method=&#8221;on&#8221;][et_pb_image src=&#8221;https:\/\/www.traee.org\/wp-content\/uploads\/2024\/05\/4.jpg&#8221; url=&#8221;https:\/\/www.socar.com.tr&#8221; url_new_window=&#8221;on&#8221; admin_label=&#8221;Socar&#8221; _builder_version=&#8221;3.12.1&#8243; animation_style=&#8221;slide&#8221; animation_direction=&#8221;top&#8221; animation_duration=&#8221;500ms&#8221; animation_intensity_slide=&#8221;10%&#8221; use_border_color=&#8221;off&#8221; border_color=&#8221;#ffffff&#8221; border_style=&#8221;solid&#8221; animation=&#8221;top&#8221; sticky=&#8221;off&#8221;]<\/p>\n<p>\u00a0<\/p>\n<p>[\/et_pb_image][\/et_pb_column][et_pb_column type=&#8221;1_4&#8243; _builder_version=&#8221;3.0.47&#8243; column_padding_mobile=&#8221;on&#8221; parallax=&#8221;off&#8221; parallax_method=&#8221;on&#8221;][et_pb_image src=&#8221;https:\/\/www.traee.org\/wp-content\/uploads\/2022\/11\/epias.jpeg&#8221; url=&#8221;https:\/\/www.epias.com.tr\/&#8221; url_new_window=&#8221;on&#8221; admin_label=&#8221;Epia\u015f&#8221; _builder_version=&#8221;3.12.1&#8243; animation_style=&#8221;slide&#8221; animation_direction=&#8221;top&#8221; animation_duration=&#8221;500ms&#8221; animation_intensity_slide=&#8221;10%&#8221; use_border_color=&#8221;off&#8221; border_color=&#8221;#ffffff&#8221; border_style=&#8221;solid&#8221; animation=&#8221;top&#8221; sticky=&#8221;off&#8221;]<\/p>\n<p>\u00a0<\/p>\n<p>[\/et_pb_image][\/et_pb_column][et_pb_column type=&#8221;1_4&#8243; _builder_version=&#8221;3.0.47&#8243; column_padding_mobile=&#8221;on&#8221; parallax=&#8221;off&#8221; parallax_method=&#8221;on&#8221;][et_pb_image src=&#8221;https:\/\/www.traee.org\/wp-content\/uploads\/2023\/01\/herguner-newlogo.png&#8221; url=&#8221;https:\/\/herguner.av.tr\/&#8221; url_new_window=&#8221;on&#8221; admin_label=&#8221;Herguner&#8221; _builder_version=&#8221;3.12.1&#8243; animation_style=&#8221;slide&#8221; animation_direction=&#8221;top&#8221; animation_duration=&#8221;500ms&#8221; animation_intensity_slide=&#8221;10%&#8221; use_border_color=&#8221;off&#8221; border_color=&#8221;#ffffff&#8221; border_style=&#8221;solid&#8221; animation=&#8221;top&#8221; sticky=&#8221;off&#8221;]<\/p>\n<p>\u00a0<\/p>\n<p>[\/et_pb_image][\/et_pb_column][\/et_pb_row][et_pb_row custom_padding=&#8221;18px|0px|19px|0px|false|false&#8221; custom_margin=&#8221;30px||30px|&#8221; _builder_version=&#8221;3.12.1&#8243; background_size=&#8221;initial&#8221; background_position=&#8221;top_left&#8221; background_repeat=&#8221;repeat&#8221;][et_pb_column type=&#8221;1_2&#8243; _builder_version=&#8221;3.0.47&#8243; parallax=&#8221;off&#8221; parallax_method=&#8221;on&#8221;][et_pb_slider _builder_version=&#8221;3.12.1&#8243;][et_pb_slide heading=&#8221;Enerji Ekonomisi Derne\u011fi&#8221; button_text=&#8221;Derne\u011fimiz&#8221; button_link=&#8221;https:\/\/www.traee.org\/hakkimizda\/&#8221; use_bg_overlay=&#8221;off&#8221; use_text_overlay=&#8221;off&#8221; _builder_version=&#8221;3.12.1&#8243; background_image=&#8221;https:\/\/www.traee.org\/wp-content\/uploads\/2016\/12\/8683649822_b63ab0bd2b_k.jpg&#8221; button_on_hover=&#8221;on&#8221;]<\/p>\n<div class=\"et_pb_slide_content\">\n<p>Enerji Ekonomisi Derne\u011fi (EED), T\u00fcrkiye\u2019nin farkl\u0131 \u00fcniversitelerinden enerji ekonomisi konular\u0131ndaki \u00e7al\u0131\u015fmalar\u0131yla \u00f6ne \u00e7\u0131kan akademisyenlerin \u00f6nderli\u011finde\u00a0kurulmu\u015ftur.<\/p>\n<\/div>\n<p>[\/et_pb_slide][et_pb_slide heading=&#8221;Enerji Ekonomisi Derne\u011fi&#8221; button_text=&#8221;Derne\u011fimiz&#8221; button_link=&#8221;https:\/\/www.traee.org\/hakkimizda\/&#8221; use_bg_overlay=&#8221;off&#8221; use_text_overlay=&#8221;off&#8221; _builder_version=&#8221;3.12.1&#8243; background_image=&#8221;https:\/\/www.traee.org\/wp-content\/uploads\/2016\/12\/BU-Panorama1-1.jpg&#8221;]<\/p>\n<div class=\"et_pb_slide_content\">\n<p>Uluslararas\u0131 boyutta faaliyette bulunan EED, T\u00fcrk enerji sekt\u00f6r\u00fcn\u00fc d\u00fcnya ile kucakla\u015ft\u0131rmay\u0131 ama\u00e7lamaktad\u0131r.<\/p>\n<\/div>\n<p>[\/et_pb_slide][\/et_pb_slider][\/et_pb_column][et_pb_column type=&#8221;1_2&#8243; _builder_version=&#8221;3.0.47&#8243; parallax=&#8221;off&#8221; parallax_method=&#8221;on&#8221;][et_pb_text _builder_version=&#8221;3.12.1&#8243;]<\/p>\n<pre class=\"font_2 wixui-rich-text__text\"><span class=\"color_37 wixui-rich-text__text\">Duyurular<\/span><\/pre>\n<h4 class=\"font_2 wixui-rich-text__text\"><span class=\"color_37 wixui-rich-text__text\">IAEE MECA Konferans\u0131, 4 &#8211; 6 Aral\u0131k 2025, ANTALYA<\/span><\/h4>\n<p>[\/et_pb_text][et_pb_cta button_url=&#8221;https:\/\/www.iaee2025.org.tr\/&#8221; url_new_window=&#8221;on&#8221; button_text=&#8221;Info&#8221; admin_label=&#8221;MECA 2025&#8243; _builder_version=&#8221;3.12.1&#8243; header_font=&#8221;||on||||||&#8221; header_text_align=&#8221;left&#8221; header_text_shadow_style=&#8221;preset1&#8243; body_text_align=&#8221;left&#8221; body_text_color=&#8221;#ffffff&#8221; use_background_color_gradient=&#8221;on&#8221; background_color_gradient_start=&#8221;#ffffff&#8221; background_color_gradient_end=&#8221;#ffffff&#8221; background_color_gradient_direction=&#8221;163deg&#8221; background_color_gradient_overlays_image=&#8221;on&#8221; background_position=&#8221;center_left&#8221; custom_button=&#8221;on&#8221; button_text_size=&#8221;14&#8243; button_text_color=&#8221;#000000&#8243; button_bg_color=&#8221;#eaeaea&#8221; button_border_width=&#8221;0&#8243; button_letter_spacing_hover_tablet=&#8221;50&#8243; custom_margin=&#8221;||5px|&#8221; filter_brightness=&#8221;130%&#8221; text_shadow_style=&#8221;preset1&#8243;]<\/p>\n<p><a href=\"https:\/\/www.iaee2025.org.tr\/\"><img loading=\"lazy\" decoding=\"async\" src=\"https:\/\/www.traee.org\/wp-content\/uploads\/2026\/03\/IAEECOPLOGO.avif\" width=\"422\" height=\"235\" alt=\"\" class=\"wp-image-1621 alignnone size-full\" srcset=\"https:\/\/www.traee.org\/wp-content\/uploads\/2026\/03\/IAEECOPLOGO.avif 334w, https:\/\/www.traee.org\/wp-content\/uploads\/2026\/03\/IAEECOPLOGO-300x167.jpg 300w\" sizes=\"auto, (max-width: 422px) 100vw, 422px\" \/><\/a><\/p>\n<p>[\/et_pb_cta][\/et_pb_column][\/et_pb_row][et_pb_row custom_padding=&#8221;0|0px|0|0px|false|false&#8221; column_padding_mobile=&#8221;on&#8221; admin_label=&#8221;row&#8221; _builder_version=&#8221;3.12.1&#8243; background_size=&#8221;initial&#8221; background_position=&#8221;top_left&#8221; background_repeat=&#8221;repeat&#8221;][et_pb_column type=&#8221;1_4&#8243; _builder_version=&#8221;3.0.47&#8243; column_padding_mobile=&#8221;on&#8221; parallax=&#8221;off&#8221; parallax_method=&#8221;on&#8221;][et_pb_image src=&#8221;https:\/\/www.traee.org\/wp-content\/uploads\/2025\/08\/02.jpg&#8221; _builder_version=&#8221;3.12.1&#8243;][\/et_pb_image][\/et_pb_column][et_pb_column type=&#8221;1_4&#8243; _builder_version=&#8221;3.0.47&#8243; column_padding_mobile=&#8221;on&#8221; parallax=&#8221;off&#8221; parallax_method=&#8221;on&#8221;][\/et_pb_column][et_pb_column type=&#8221;1_4&#8243; _builder_version=&#8221;3.0.47&#8243; column_padding_mobile=&#8221;on&#8221; parallax=&#8221;off&#8221; parallax_method=&#8221;on&#8221;][\/et_pb_column][et_pb_column type=&#8221;1_4&#8243; _builder_version=&#8221;3.0.47&#8243; column_padding_mobile=&#8221;on&#8221; parallax=&#8221;off&#8221; parallax_method=&#8221;on&#8221;][\/et_pb_column][\/et_pb_row][et_pb_row custom_padding=&#8221;0|0px|0|0px|false|false&#8221; column_padding_mobile=&#8221;on&#8221; admin_label=&#8221;row&#8221; _builder_version=&#8221;3.12.1&#8243; background_size=&#8221;initial&#8221; background_position=&#8221;top_left&#8221; background_repeat=&#8221;repeat&#8221;][et_pb_column type=&#8221;1_4&#8243; _builder_version=&#8221;3.0.47&#8243; column_padding_mobile=&#8221;on&#8221; parallax=&#8221;off&#8221; parallax_method=&#8221;on&#8221;][\/et_pb_column][et_pb_column type=&#8221;1_4&#8243; _builder_version=&#8221;3.0.47&#8243; column_padding_mobile=&#8221;on&#8221; parallax=&#8221;off&#8221; parallax_method=&#8221;on&#8221;][\/et_pb_column][et_pb_column type=&#8221;1_4&#8243; _builder_version=&#8221;3.0.47&#8243; column_padding_mobile=&#8221;on&#8221; parallax=&#8221;off&#8221; parallax_method=&#8221;on&#8221;][\/et_pb_column][et_pb_column type=&#8221;1_4&#8243; _builder_version=&#8221;3.0.47&#8243; column_padding_mobile=&#8221;on&#8221; parallax=&#8221;off&#8221; parallax_method=&#8221;on&#8221;][\/et_pb_column][\/et_pb_row][\/et_pb_section][et_pb_section fb_built=&#8221;1&#8243; custom_padding_last_edited=&#8221;on|desktop&#8221; admin_label=&#8221;section&#8221; _builder_version=&#8221;3.0.74&#8243; custom_padding=&#8221;5px|0px|0|0px|false|false&#8221; custom_padding_tablet=&#8221;50px|0|50px|0&#8243; transparent_background=&#8221;off&#8221;][et_pb_row padding_mobile=&#8221;off&#8221; column_padding_mobile=&#8221;on&#8221; admin_label=&#8221;row&#8221; _builder_version=&#8221;3.0.47&#8243; background_size=&#8221;initial&#8221; background_position=&#8221;top_left&#8221; background_repeat=&#8221;repeat&#8221;][et_pb_column type=&#8221;1_3&#8243; _builder_version=&#8221;3.0.47&#8243; column_padding_mobile=&#8221;on&#8221; parallax=&#8221;off&#8221; parallax_method=&#8221;on&#8221;][et_pb_blurb title=&#8221;Enerji Verimlili\u011fi&#8221; use_icon=&#8221;on&#8221; font_icon=&#8221;\ue0dd&#8221; use_icon_font_size=&#8221;on&#8221; icon_font_size=&#8221;60px&#8221; _builder_version=&#8221;3.12.1&#8243; background_size=&#8221;initial&#8221; background_position=&#8221;top_left&#8221; background_repeat=&#8221;repeat&#8221; text_orientation=&#8221;center&#8221; use_border_color=&#8221;off&#8221; border_color=&#8221;#ffffff&#8221; border_width=&#8221;10px&#8221; border_style=&#8221;dotted&#8221;]EED, t\u00fcm d\u00fcnya i\u00e7in s\u00fcrd\u00fcrebilir enerjiyi savunur ve bu do\u011frultuda enerji verimlili\u011fi destekler.<br \/>\n[\/et_pb_blurb][\/et_pb_column][et_pb_column type=&#8221;1_3&#8243; _builder_version=&#8221;3.0.47&#8243; column_padding_mobile=&#8221;on&#8221; parallax=&#8221;off&#8221; parallax_method=&#8221;on&#8221;][et_pb_blurb title=&#8221;\u00c7evreyi Koruma&#8221; use_icon=&#8221;on&#8221; font_icon=&#8221;\ue074&#8221; use_icon_font_size=&#8221;on&#8221; icon_font_size=&#8221;60px&#8221; _builder_version=&#8221;3.12.1&#8243; background_size=&#8221;initial&#8221; background_position=&#8221;top_left&#8221; background_repeat=&#8221;repeat&#8221; text_orientation=&#8221;center&#8221; use_border_color=&#8221;off&#8221; border_color=&#8221;#ffffff&#8221; border_width=&#8221;1px&#8221; border_style=&#8221;solid&#8221;]EED, \u00e7evreyi koruyan ve de\u011ferlerine sayg\u0131l\u0131 stratejileri benimser, bu do\u011frultuda aktiviteler d\u00fczenler.<br \/>\n[\/et_pb_blurb][\/et_pb_column][et_pb_column type=&#8221;1_3&#8243; _builder_version=&#8221;3.0.47&#8243; column_padding_mobile=&#8221;on&#8221; parallax=&#8221;off&#8221; parallax_method=&#8221;on&#8221;][et_pb_blurb title=&#8221;Akademik Yakla\u015f\u0131m&#8221; use_icon=&#8221;on&#8221; font_icon=&#8221;\ue00a&#8221; use_icon_font_size=&#8221;on&#8221; icon_font_size=&#8221;60px&#8221; _builder_version=&#8221;3.12.1&#8243; background_size=&#8221;initial&#8221; background_position=&#8221;top_left&#8221; background_repeat=&#8221;repeat&#8221; text_orientation=&#8221;center&#8221; use_border_color=&#8221;off&#8221; border_color=&#8221;#ffffff&#8221; border_width=&#8221;1px&#8221; border_style=&#8221;solid&#8221;]EED&#8217;nin vizyonu akademik temellere dayan\u0131r ve bilimsel yakla\u015f\u0131mlar\u0131 savunur.<br \/>\n[\/et_pb_blurb][\/et_pb_column][\/et_pb_row][\/et_pb_section][et_pb_section fb_built=&#8221;1&#8243; custom_padding_last_edited=&#8221;on|desktop&#8221; admin_label=&#8221;section&#8221; _builder_version=&#8221;3.12.1&#8243; background_color=&#8221;#f7f7f7&#8243; custom_padding=&#8221;11px|0px|29px|0px|false|false&#8221; custom_padding_tablet=&#8221;50px|0|50px|0&#8243; transparent_background=&#8221;off&#8221;][et_pb_row custom_padding=&#8221;50px|0px|27px|0px|false|false&#8221; column_padding_mobile=&#8221;on&#8221; admin_label=&#8221;row&#8221; _builder_version=&#8221;3.0.47&#8243; background_size=&#8221;initial&#8221; background_position=&#8221;top_left&#8221; background_repeat=&#8221;repeat&#8221;][et_pb_column type=&#8221;4_4&#8243; _builder_version=&#8221;3.0.47&#8243; column_padding_mobile=&#8221;on&#8221; parallax=&#8221;off&#8221; parallax_method=&#8221;on&#8221;][et_pb_contact_form email=&#8221;info@traee.org&#8221; title=&#8221;B\u0130zimle \u0130leti\u015fime ge\u00e7in&#8221; custom_message=&#8221;Bizimle ileti\u015fime ge\u00e7tiler. En k\u0131sa s\u00fcrede geri d\u00f6n\u00fc\u015fte bulunaca\u011f\u0131m\u0131z\u0131 belirttik.&lt;\/p&gt;&lt;p&gt;Ad: %%Name%%&lt;br \/&gt;E-Posta: %%Email%%&lt;br \/&gt;Mesaj: %%Message%%&#8221; success_message=&#8221;Bizimle ileti\u015fime ge\u00e7ti\u011finiz i\u00e7in te\u015fekk\u00fcr ederiz! En k\u0131sa s\u00fcrede konu ile alakal\u0131 olarak arkada\u015flar\u0131m\u0131z size geri d\u00f6n\u00fc\u015fte bulunacakt\u0131r!&#8221; form_background_color=&#8221;#a3a3a3&#8243; module_id=&#8221;et_pb_contact_form_0&#8243; _builder_version=&#8221;3.12.1&#8243; form_field_text_color=&#8221;#ffffff&#8221; border_radii=&#8221;on|10px|10px|10px|10px&#8221; border_width_all=&#8221;1px&#8221; border_color_all=&#8221;#ffffff&#8221; border_style_all=&#8221;dashed&#8221; use_border_color=&#8221;on&#8221; border_color=&#8221;#ffffff&#8221; border_style=&#8221;dashed&#8221; input_border_radius=&#8221;10px&#8221;][et_pb_contact_field field_id=&#8221;Name&#8221; field_title=&#8221;\u0130sim&#8221; _builder_version=&#8221;3.0.87&#8243; form_field_font=&#8221;||||&#8221; border_radii=&#8221;on|0px|0px|0px|0px&#8221; use_border_color=&#8221;off&#8221; border_style=&#8221;solid&#8221; input_border_radius=&#8221;0&#8243;] [\/et_pb_contact_field][et_pb_contact_field field_id=&#8221;Email&#8221; field_title=&#8221;E-posta adresi&#8221; field_type=&#8221;email&#8221; _builder_version=&#8221;3.0.87&#8243; border_radii=&#8221;on|0px|0px|0px|0px&#8221; input_border_radius=&#8221;0&#8243;] [\/et_pb_contact_field][et_pb_contact_field field_id=&#8221;Message&#8221; field_title=&#8221;Mesaj&#8221; field_type=&#8221;text&#8221; fullwidth_field=&#8221;on&#8221; _builder_version=&#8221;3.0.87&#8243; border_radii=&#8221;on|0px|0px|0px|0px&#8221; input_border_radius=&#8221;0&#8243;] [\/et_pb_contact_field][\/et_pb_contact_form][\/et_pb_column][\/et_pb_row][\/et_pb_section]<\/p>","protected":false},"excerpt":{"rendered":"<p>[et_pb_section fb_built=&#8221;1&#8243; _builder_version=&#8221;3.12.1&#8243; custom_padding=&#8221;0|0px|0|0px|false|false&#8221;][et_pb_row custom_padding=&#8221;18px|0px|19px|0px|false|false&#8221; custom_margin=&#8221;30px||30px|&#8221; _builder_version=&#8221;3.12.1&#8243; background_size=&#8221;initial&#8221; background_position=&#8221;top_left&#8221; background_repeat=&#8221;repeat&#8221;][et_pb_column type=&#8221;1_2&#8243; _builder_version=&#8221;3.0.47&#8243; parallax=&#8221;off&#8221; parallax_method=&#8221;on&#8221;][et_pb_slider _builder_version=&#8221;3.12.1&#8243;][et_pb_slide heading=&#8221;Enerji Ekonomisi Derne\u011fi&#8221; button_text=&#8221;Derne\u011fimiz&#8221; button_link=&#8221;https:\/\/www.traee.org\/hakkimizda\/&#8221; use_bg_overlay=&#8221;off&#8221; use_text_overlay=&#8221;off&#8221; _builder_version=&#8221;3.12.1&#8243; background_image=&#8221;https:\/\/www.traee.org\/wp-content\/uploads\/2016\/12\/8683649822_b63ab0bd2b_k.jpg&#8221; button_on_hover=&#8221;on&#8221;] Enerji Ekonomisi Derne\u011fi (EED), T\u00fcrkiye\u2019nin farkl\u0131 \u00fcniversitelerinden enerji ekonomisi konular\u0131ndaki \u00e7al\u0131\u015fmalar\u0131yla \u00f6ne \u00e7\u0131kan akademisyenlerin \u00f6nderli\u011finde\u00a0kurulmu\u015ftur. [\/et_pb_slide][et_pb_slide heading=&#8221;Enerji Ekonomisi Derne\u011fi&#8221; button_text=&#8221;Derne\u011fimiz&#8221; button_link=&#8221;https:\/\/www.traee.org\/hakkimizda\/&#8221; use_bg_overlay=&#8221;off&#8221; use_text_overlay=&#8221;off&#8221; _builder_version=&#8221;3.12.1&#8243; background_image=&#8221;https:\/\/www.traee.org\/wp-content\/uploads\/2016\/12\/BU-Panorama1-1.jpg&#8221;] Uluslararas\u0131 boyutta faaliyette bulunan EED, [&hellip;]<\/p>\n","protected":false},"author":1,"featured_media":0,"parent":0,"menu_order":0,"comment_status":"closed","ping_status":"closed","template":"","meta":{"footnotes":""},"class_list":["post-76","page","type-page","status-publish","hentry"],"_links":{"self":[{"href":"https:\/\/www.traee.org\/tr\/wp-json\/wp\/v2\/pages\/76","targetHints":{"allow":["GET"]}}],"collection":[{"href":"https:\/\/www.traee.org\/tr\/wp-json\/wp\/v2\/pages"}],"about":[{"href":"https:\/\/www.traee.org\/tr\/wp-json\/wp\/v2\/types\/page"}],"author":[{"embeddable":true,"href":"https:\/\/www.traee.org\/tr\/wp-json\/wp\/v2\/users\/1"}],"replies":[{"embeddable":true,"href":"https:\/\/www.traee.org\/tr\/wp-json\/wp\/v2\/comments?post=76"}],"version-history":[{"count":10,"href":"https:\/\/www.traee.org\/tr\/wp-json\/wp\/v2\/pages\/76\/revisions"}],"predecessor-version":[{"id":1630,"href":"https:\/\/www.traee.org\/tr\/wp-json\/wp\/v2\/pages\/76\/revisions\/1630"}],"wp:attachment":[{"href":"https:\/\/www.traee.org\/tr\/wp-json\/wp\/v2\/media?parent=76"}],"curies":[{"name":"wp","href":"https:\/\/api.w.org\/{rel}","templated":true}]}}